{"id":116,"date":"2021-08-24T07:20:13","date_gmt":"2021-08-24T07:20:13","guid":{"rendered":"http:\/\/sirca-kodric.si\/wp\/?page_id=116"},"modified":"2021-10-22T07:19:07","modified_gmt":"2021-10-22T07:19:07","slug":"o-nas","status":"publish","type":"page","link":"https:\/\/sirca-kodric.si\/en\/o-nas\/","title":{"rendered":"About us"},"content":{"rendered":"<div class=\"wp-block-group alignfull has-text-color has-background\" style=\"background-color:#faf9eb;color:#817641\"><div class=\"wp-block-group__inner-container is-layout-flow wp-block-group-is-layout-flow\">\n<div style=\"height:150px\" aria-hidden=\"true\" class=\"wp-block-spacer\"><\/div>\n\n\n\n<div class=\"wp-block-columns is-layout-flex wp-container-core-columns-is-layout-9d6595d7 wp-block-columns-is-layout-flex\">\n<div class=\"wp-block-column is-vertically-aligned-center is-layout-flow wp-block-column-is-layout-flow\">\n<h2 class=\"has-text-align-center has-black-color has-text-color wp-block-heading\" style=\"font-size:30px\">OUR HISTORY <\/h2>\n\n\n\n<p class=\"has-text-align-center has-black-color has-text-color has-medium-font-size\">The \u0160irca family started writing the story of viticulture more than 100 years ago. At the time, they were considered advanced winegrowers, as they grafted Refosco vines (from which Teran is made) and supplied the entire Karst with these grafts. Their success is proven by the recognition to Viktor \u0160irca from 1911 in Vienna.<\/p>\n\n\n\n<div class=\"wp-block-image\"><figure class=\"aligncenter size-full is-resized\"><img loading=\"lazy\" decoding=\"async\" src=\"http:\/\/sirca-kodric.si\/wp\/wp-content\/uploads\/2021\/10\/SK_trgatev-88-scaled.jpg\" alt=\"\" class=\"wp-image-704\" width=\"620\" height=\"405\"\/><figcaption><span class=\"has-inline-color has-black-color\">Recognition to Viktor \u0160irca<\/span><\/figcaption><\/figure><\/div>\n\n\n\n<p><\/p>\n<\/div>\n<\/div>\n\n\n\n<h2 class=\"has-text-align-center has-black-color has-text-color wp-block-heading\" style=\"font-size:30px\">PRESENT<\/h2>\n\n\n\n<div class=\"wp-block-columns is-layout-flex wp-container-core-columns-is-layout-9d6595d7 wp-block-columns-is-layout-flex\">\n<div class=\"wp-block-column is-layout-flow wp-block-column-is-layout-flow\">\n<p class=\"has-text-align-center has-black-color has-text-color has-medium-font-size\">In 1992, two brothers-in-law, Edvin \u0160irca and Stane Kodri\u010d, created the brand \u0160IRCA-KODRI\u010c, which still impresses many with its wines. Today, the whole family is involved in viticulture, but the most important role is played by Martina and Mateja Kodri\u010d, who are taking over the management of the homestead under the supervision of their father and uncle. Hard work and dedication of all members is reflected in quality wines and other Karst delicacies. Many gold and silver medals, won in various contests, are proof of their success. <\/p>\n<\/div>\n<\/div>\n\n\n\n<div class=\"wp-block-image\"><figure class=\"aligncenter size-full is-resized\"><img loading=\"lazy\" decoding=\"async\" src=\"http:\/\/sirca-kodric.si\/wp\/wp-content\/uploads\/2021\/10\/SK_trgatev-79-scaled.jpg\" alt=\"\" class=\"wp-image-706\" width=\"620\" height=\"405\"\/><figcaption><span class=\"has-inline-color has-black-color\">Edvin \u0160irca, Mateja Kodri\u010d, Martina Kodri\u010d and Stane Kodri\u010d.<\/span><\/figcaption><\/figure><\/div>\n<\/div><\/div>","protected":false},"excerpt":{"rendered":"<p>NEKAJ MALEGA O NA\u0160I ZGODOVINI Zgodbo vinogradni\u0161tva je dru\u017eina \u0160irca za\u010dela pisati \u017ee pred ve\u010d kot 100 leti. Takrat so veljali za napredne vinogradnike, saj so cepili trto refo\u0161k (iz katere se prideluje teran), ter s cepljenkami oskrbovali celoten Kras. Njihove uspehe na podro\u010dju pridelovanja vina dokazuje tudi priznanje Viktorju \u0160irci, podeljeno leta 1911 na &hellip; <\/p>\n<p class=\"link-more\"><a href=\"https:\/\/sirca-kodric.si\/en\/o-nas\/\" class=\"more-link\">Read more<span class=\"screen-reader-text\"> &#8220;Kdo smo?&#8221;<\/span><\/a><\/p>","protected":false},"author":1,"featured_media":0,"parent":0,"menu_order":0,"comment_status":"closed","ping_status":"closed","template":"page-templates\/full-width-no-title.php","meta":{"footnotes":""},"class_list":["post-116","page","type-page","status-publish","hentry"],"_links":{"self":[{"href":"https:\/\/sirca-kodric.si\/en\/wp-json\/wp\/v2\/pages\/116","targetHints":{"allow":["GET"]}}],"collection":[{"href":"https:\/\/sirca-kodric.si\/en\/wp-json\/wp\/v2\/pages"}],"about":[{"href":"https:\/\/sirca-kodric.si\/en\/wp-json\/wp\/v2\/types\/page"}],"author":[{"embeddable":true,"href":"https:\/\/sirca-kodric.si\/en\/wp-json\/wp\/v2\/users\/1"}],"replies":[{"embeddable":true,"href":"https:\/\/sirca-kodric.si\/en\/wp-json\/wp\/v2\/comments?post=116"}],"version-history":[{"count":32,"href":"https:\/\/sirca-kodric.si\/en\/wp-json\/wp\/v2\/pages\/116\/revisions"}],"predecessor-version":[{"id":863,"href":"https:\/\/sirca-kodric.si\/en\/wp-json\/wp\/v2\/pages\/116\/revisions\/863"}],"wp:attachment":[{"href":"https:\/\/sirca-kodric.si\/en\/wp-json\/wp\/v2\/media?parent=116"}],"curies":[{"name":"wp","href":"https:\/\/api.w.org\/{rel}","templated":true}]}}