{"id":536,"date":"2021-09-25T08:33:11","date_gmt":"2021-09-25T08:33:11","guid":{"rendered":"http:\/\/sirca-kodric.si\/wp\/?page_id=536"},"modified":"2022-06-01T11:53:27","modified_gmt":"2022-06-01T11:53:27","slug":"galerija","status":"publish","type":"page","link":"http:\/\/sirca-kodric.si\/en\/galerija\/","title":{"rendered":"GALERIJA"},"content":{"rendered":"<div style=\"height:55px\" aria-hidden=\"true\" class=\"wp-block-spacer\"><\/div>\n\n\n\n<div class=\"wp-block-group alignfull has-background\" style=\"background-color:#faf9eb\"><div class=\"wp-block-group__inner-container is-layout-flow wp-block-group-is-layout-flow\">\n<div style=\"height:150px\" aria-hidden=\"true\" class=\"wp-block-spacer\"><\/div>\n\n\n\n<h1 class=\"has-text-align-center wp-block-heading\">\u0160IRCA-KODRI\u010c FAMILY<\/h1>\n\n\n\n<figure class=\"wp-block-gallery has-nested-images columns-default is-cropped wp-block-gallery-1 is-layout-flex wp-block-gallery-is-layout-flex\">\n<figure class=\"wp-block-image size-large\"><img loading=\"lazy\" decoding=\"async\" width=\"2560\" height=\"1707\" data-id=\"808\" src=\"http:\/\/sirca-kodric.si\/wp\/wp-content\/uploads\/2021\/10\/SK_trgatev-78-scaled.jpg\" alt=\"\" class=\"wp-image-808\" srcset=\"https:\/\/sirca-kodric.si\/wp-content\/uploads\/2021\/10\/SK_trgatev-78-scaled.jpg 2560w, https:\/\/sirca-kodric.si\/wp-content\/uploads\/2021\/10\/SK_trgatev-78-300x200.jpg 300w, https:\/\/sirca-kodric.si\/wp-content\/uploads\/2021\/10\/SK_trgatev-78-768x512.jpg 768w, https:\/\/sirca-kodric.si\/wp-content\/uploads\/2021\/10\/SK_trgatev-78-1536x1024.jpg 1536w, https:\/\/sirca-kodric.si\/wp-content\/uploads\/2021\/10\/SK_trgatev-78-2048x1366.jpg 2048w, https:\/\/sirca-kodric.si\/wp-content\/uploads\/2021\/10\/SK_trgatev-78-18x12.jpg 18w, https:\/\/sirca-kodric.si\/wp-content\/uploads\/2021\/10\/SK_trgatev-78-2000x1334.jpg 2000w, https:\/\/sirca-kodric.si\/wp-content\/uploads\/2021\/10\/SK_trgatev-78-1800x1200.jpg 1800w\" sizes=\"auto, (max-width: 2560px) 100vw, 2560px\" \/><figcaption>Edvin \u0160irca, Stane Kodri\u010d, Vilma Kodri\u010d, Martina Kodri\u010d, Mateja Kodri\u010d in Marko Kobal<\/figcaption><\/figure>\n\n\n\n<figure class=\"wp-block-image size-large\"><img loading=\"lazy\" decoding=\"async\" width=\"2560\" height=\"1707\" data-id=\"799\" src=\"http:\/\/sirca-kodric.si\/wp\/wp-content\/uploads\/2021\/10\/SK_trgatev-76-scaled.jpg\" alt=\"\" class=\"wp-image-799\" srcset=\"https:\/\/sirca-kodric.si\/wp-content\/uploads\/2021\/10\/SK_trgatev-76-scaled.jpg 2560w, https:\/\/sirca-kodric.si\/wp-content\/uploads\/2021\/10\/SK_trgatev-76-300x200.jpg 300w, https:\/\/sirca-kodric.si\/wp-content\/uploads\/2021\/10\/SK_trgatev-76-768x512.jpg 768w, https:\/\/sirca-kodric.si\/wp-content\/uploads\/2021\/10\/SK_trgatev-76-1536x1024.jpg 1536w, https:\/\/sirca-kodric.si\/wp-content\/uploads\/2021\/10\/SK_trgatev-76-2048x1366.jpg 2048w, https:\/\/sirca-kodric.si\/wp-content\/uploads\/2021\/10\/SK_trgatev-76-18x12.jpg 18w, https:\/\/sirca-kodric.si\/wp-content\/uploads\/2021\/10\/SK_trgatev-76-2000x1334.jpg 2000w, https:\/\/sirca-kodric.si\/wp-content\/uploads\/2021\/10\/SK_trgatev-76-1800x1200.jpg 1800w\" sizes=\"auto, (max-width: 2560px) 100vw, 2560px\" \/><figcaption>Edvin \u0160irca in Stane Kodri\u010d<\/figcaption><\/figure>\n\n\n\n<figure class=\"wp-block-image size-large\"><img loading=\"lazy\" decoding=\"async\" width=\"2560\" height=\"1707\" data-id=\"799\" src=\"http:\/\/sirca-kodric.si\/wp\/wp-content\/uploads\/2021\/10\/SK_trgatev-76-scaled.jpg\" alt=\"\" class=\"wp-image-799\" srcset=\"https:\/\/sirca-kodric.si\/wp-content\/uploads\/2021\/10\/SK_trgatev-76-scaled.jpg 2560w, https:\/\/sirca-kodric.si\/wp-content\/uploads\/2021\/10\/SK_trgatev-76-300x200.jpg 300w, https:\/\/sirca-kodric.si\/wp-content\/uploads\/2021\/10\/SK_trgatev-76-768x512.jpg 768w, https:\/\/sirca-kodric.si\/wp-content\/uploads\/2021\/10\/SK_trgatev-76-1536x1024.jpg 1536w, https:\/\/sirca-kodric.si\/wp-content\/uploads\/2021\/10\/SK_trgatev-76-2048x1366.jpg 2048w, https:\/\/sirca-kodric.si\/wp-content\/uploads\/2021\/10\/SK_trgatev-76-18x12.jpg 18w, https:\/\/sirca-kodric.si\/wp-content\/uploads\/2021\/10\/SK_trgatev-76-2000x1334.jpg 2000w, https:\/\/sirca-kodric.si\/wp-content\/uploads\/2021\/10\/SK_trgatev-76-1800x1200.jpg 1800w\" sizes=\"auto, (max-width: 2560px) 100vw, 2560px\" \/><figcaption>Edvin \u0160irca in Stane Kodri\u010d<\/figcaption><\/figure>\n\n\n\n<figure class=\"wp-block-image size-full\"><img loading=\"lazy\" decoding=\"async\" width=\"2000\" height=\"1333\" data-id=\"935\" src=\"https:\/\/sirca-kodric.si\/wp-content\/uploads\/2022\/06\/Sirca-Kodric-druzina-9.jpg\" alt=\"\" class=\"wp-image-935\" srcset=\"https:\/\/sirca-kodric.si\/wp-content\/uploads\/2022\/06\/Sirca-Kodric-druzina-9.jpg 2000w, https:\/\/sirca-kodric.si\/wp-content\/uploads\/2022\/06\/Sirca-Kodric-druzina-9-300x200.jpg 300w, https:\/\/sirca-kodric.si\/wp-content\/uploads\/2022\/06\/Sirca-Kodric-druzina-9-768x512.jpg 768w, https:\/\/sirca-kodric.si\/wp-content\/uploads\/2022\/06\/Sirca-Kodric-druzina-9-1536x1024.jpg 1536w, https:\/\/sirca-kodric.si\/wp-content\/uploads\/2022\/06\/Sirca-Kodric-druzina-9-18x12.jpg 18w, https:\/\/sirca-kodric.si\/wp-content\/uploads\/2022\/06\/Sirca-Kodric-druzina-9-1800x1200.jpg 1800w\" sizes=\"auto, (max-width: 2000px) 100vw, 2000px\" \/><figcaption>Martina Kodri\u010d, Stane Kodri\u010d, Edvin \u0160irca, Mateja Kodri\u010d, Marko Kobal, Melita and Matev\u017e<\/figcaption><\/figure>\n\n\n\n<figure class=\"wp-block-image size-full\"><img loading=\"lazy\" decoding=\"async\" width=\"2000\" height=\"1333\" data-id=\"938\" src=\"https:\/\/sirca-kodric.si\/wp-content\/uploads\/2022\/06\/Sirca-Kodric-druzina-13.jpg\" alt=\"\" class=\"wp-image-938\" srcset=\"https:\/\/sirca-kodric.si\/wp-content\/uploads\/2022\/06\/Sirca-Kodric-druzina-13.jpg 2000w, https:\/\/sirca-kodric.si\/wp-content\/uploads\/2022\/06\/Sirca-Kodric-druzina-13-300x200.jpg 300w, https:\/\/sirca-kodric.si\/wp-content\/uploads\/2022\/06\/Sirca-Kodric-druzina-13-768x512.jpg 768w, https:\/\/sirca-kodric.si\/wp-content\/uploads\/2022\/06\/Sirca-Kodric-druzina-13-1536x1024.jpg 1536w, https:\/\/sirca-kodric.si\/wp-content\/uploads\/2022\/06\/Sirca-Kodric-druzina-13-18x12.jpg 18w, https:\/\/sirca-kodric.si\/wp-content\/uploads\/2022\/06\/Sirca-Kodric-druzina-13-1800x1200.jpg 1800w\" sizes=\"auto, (max-width: 2000px) 100vw, 2000px\" \/><figcaption>Stane Kodri\u010d and Edvin \u0160irca<\/figcaption><\/figure>\n<\/figure>\n\n\n\n<div class=\"wp-block-columns is-layout-flex wp-container-core-columns-is-layout-9d6595d7 wp-block-columns-is-layout-flex\">\n<div class=\"wp-block-column is-layout-flow wp-block-column-is-layout-flow\" style=\"flex-basis:100%\"><\/div>\n<\/div>\n\n\n\n<h1 class=\"has-text-align-center wp-block-heading\">HARVEST 2021<\/h1>\n\n\n\n<figure class=\"wp-block-gallery has-nested-images columns-default is-cropped wp-block-gallery-2 is-layout-flex wp-block-gallery-is-layout-flex\">\n<figure class=\"wp-block-image size-large\"><img loading=\"lazy\" decoding=\"async\" width=\"2560\" height=\"1707\" data-id=\"781\" src=\"https:\/\/sirca-kodric.si\/wp-content\/uploads\/2021\/10\/SK_trgatev-60-min-scaled.jpg\" alt=\"\" class=\"wp-image-781\" srcset=\"https:\/\/sirca-kodric.si\/wp-content\/uploads\/2021\/10\/SK_trgatev-60-min-scaled.jpg 2560w, https:\/\/sirca-kodric.si\/wp-content\/uploads\/2021\/10\/SK_trgatev-60-min-300x200.jpg 300w, https:\/\/sirca-kodric.si\/wp-content\/uploads\/2021\/10\/SK_trgatev-60-min-768x512.jpg 768w, https:\/\/sirca-kodric.si\/wp-content\/uploads\/2021\/10\/SK_trgatev-60-min-1536x1024.jpg 1536w, https:\/\/sirca-kodric.si\/wp-content\/uploads\/2021\/10\/SK_trgatev-60-min-2048x1366.jpg 2048w, https:\/\/sirca-kodric.si\/wp-content\/uploads\/2021\/10\/SK_trgatev-60-min-18x12.jpg 18w, https:\/\/sirca-kodric.si\/wp-content\/uploads\/2021\/10\/SK_trgatev-60-min-2000x1334.jpg 2000w, https:\/\/sirca-kodric.si\/wp-content\/uploads\/2021\/10\/SK_trgatev-60-min-1800x1200.jpg 1800w\" sizes=\"auto, (max-width: 2560px) 100vw, 2560px\" \/><\/figure>\n\n\n\n<figure class=\"wp-block-image size-large\"><img loading=\"lazy\" decoding=\"async\" width=\"1707\" height=\"2560\" data-id=\"770\" src=\"http:\/\/sirca-kodric.si\/wp\/wp-content\/uploads\/2021\/10\/SK_trgatev-45-min-scaled.jpg\" alt=\"\" class=\"wp-image-770\" srcset=\"https:\/\/sirca-kodric.si\/wp-content\/uploads\/2021\/10\/SK_trgatev-45-min-scaled.jpg 1707w, https:\/\/sirca-kodric.si\/wp-content\/uploads\/2021\/10\/SK_trgatev-45-min-200x300.jpg 200w, https:\/\/sirca-kodric.si\/wp-content\/uploads\/2021\/10\/SK_trgatev-45-min-768x1152.jpg 768w, https:\/\/sirca-kodric.si\/wp-content\/uploads\/2021\/10\/SK_trgatev-45-min-1024x1536.jpg 1024w, https:\/\/sirca-kodric.si\/wp-content\/uploads\/2021\/10\/SK_trgatev-45-min-1366x2048.jpg 1366w, https:\/\/sirca-kodric.si\/wp-content\/uploads\/2021\/10\/SK_trgatev-45-min-8x12.jpg 8w, https:\/\/sirca-kodric.si\/wp-content\/uploads\/2021\/10\/SK_trgatev-45-min-2000x3000.jpg 2000w, https:\/\/sirca-kodric.si\/wp-content\/uploads\/2021\/10\/SK_trgatev-45-min-1800x2700.jpg 1800w\" sizes=\"auto, (max-width: 1707px) 100vw, 1707px\" \/><\/figure>\n\n\n\n<figure class=\"wp-block-image size-large\"><img loading=\"lazy\" decoding=\"async\" width=\"2560\" height=\"1707\" data-id=\"750\" src=\"http:\/\/sirca-kodric.si\/wp\/wp-content\/uploads\/2021\/10\/SK_trgatev-24-min-scaled.jpg\" alt=\"\" class=\"wp-image-750\" srcset=\"https:\/\/sirca-kodric.si\/wp-content\/uploads\/2021\/10\/SK_trgatev-24-min-scaled.jpg 2560w, https:\/\/sirca-kodric.si\/wp-content\/uploads\/2021\/10\/SK_trgatev-24-min-300x200.jpg 300w, https:\/\/sirca-kodric.si\/wp-content\/uploads\/2021\/10\/SK_trgatev-24-min-768x512.jpg 768w, https:\/\/sirca-kodric.si\/wp-content\/uploads\/2021\/10\/SK_trgatev-24-min-1536x1024.jpg 1536w, https:\/\/sirca-kodric.si\/wp-content\/uploads\/2021\/10\/SK_trgatev-24-min-2048x1366.jpg 2048w, https:\/\/sirca-kodric.si\/wp-content\/uploads\/2021\/10\/SK_trgatev-24-min-18x12.jpg 18w, https:\/\/sirca-kodric.si\/wp-content\/uploads\/2021\/10\/SK_trgatev-24-min-2000x1334.jpg 2000w, https:\/\/sirca-kodric.si\/wp-content\/uploads\/2021\/10\/SK_trgatev-24-min-1800x1200.jpg 1800w\" sizes=\"auto, (max-width: 2560px) 100vw, 2560px\" \/><\/figure>\n\n\n\n<figure class=\"wp-block-image size-large\"><img loading=\"lazy\" decoding=\"async\" width=\"2560\" height=\"1707\" data-id=\"797\" src=\"http:\/\/sirca-kodric.si\/wp\/wp-content\/uploads\/2021\/10\/SK_trgatev-74-scaled.jpg\" alt=\"\" class=\"wp-image-797\" srcset=\"https:\/\/sirca-kodric.si\/wp-content\/uploads\/2021\/10\/SK_trgatev-74-scaled.jpg 2560w, https:\/\/sirca-kodric.si\/wp-content\/uploads\/2021\/10\/SK_trgatev-74-300x200.jpg 300w, https:\/\/sirca-kodric.si\/wp-content\/uploads\/2021\/10\/SK_trgatev-74-768x512.jpg 768w, https:\/\/sirca-kodric.si\/wp-content\/uploads\/2021\/10\/SK_trgatev-74-1536x1024.jpg 1536w, https:\/\/sirca-kodric.si\/wp-content\/uploads\/2021\/10\/SK_trgatev-74-2048x1366.jpg 2048w, https:\/\/sirca-kodric.si\/wp-content\/uploads\/2021\/10\/SK_trgatev-74-18x12.jpg 18w, https:\/\/sirca-kodric.si\/wp-content\/uploads\/2021\/10\/SK_trgatev-74-2000x1334.jpg 2000w, https:\/\/sirca-kodric.si\/wp-content\/uploads\/2021\/10\/SK_trgatev-74-1800x1200.jpg 1800w\" sizes=\"auto, (max-width: 2560px) 100vw, 2560px\" \/><\/figure>\n\n\n\n<figure class=\"wp-block-image size-large\"><img loading=\"lazy\" decoding=\"async\" width=\"1707\" height=\"2560\" data-id=\"790\" src=\"http:\/\/sirca-kodric.si\/wp\/wp-content\/uploads\/2021\/10\/SK_trgatev-67-scaled.jpg\" alt=\"\" class=\"wp-image-790\" srcset=\"https:\/\/sirca-kodric.si\/wp-content\/uploads\/2021\/10\/SK_trgatev-67-scaled.jpg 1707w, https:\/\/sirca-kodric.si\/wp-content\/uploads\/2021\/10\/SK_trgatev-67-200x300.jpg 200w, https:\/\/sirca-kodric.si\/wp-content\/uploads\/2021\/10\/SK_trgatev-67-768x1152.jpg 768w, https:\/\/sirca-kodric.si\/wp-content\/uploads\/2021\/10\/SK_trgatev-67-1024x1536.jpg 1024w, https:\/\/sirca-kodric.si\/wp-content\/uploads\/2021\/10\/SK_trgatev-67-1366x2048.jpg 1366w, https:\/\/sirca-kodric.si\/wp-content\/uploads\/2021\/10\/SK_trgatev-67-8x12.jpg 8w, https:\/\/sirca-kodric.si\/wp-content\/uploads\/2021\/10\/SK_trgatev-67-2000x3000.jpg 2000w, https:\/\/sirca-kodric.si\/wp-content\/uploads\/2021\/10\/SK_trgatev-67-1800x2700.jpg 1800w\" sizes=\"auto, (max-width: 1707px) 100vw, 1707px\" \/><\/figure>\n\n\n\n<figure class=\"wp-block-image size-large\"><img loading=\"lazy\" decoding=\"async\" width=\"1707\" height=\"2560\" data-id=\"788\" src=\"http:\/\/sirca-kodric.si\/wp\/wp-content\/uploads\/2021\/10\/SK_trgatev-65-scaled.jpg\" alt=\"\" class=\"wp-image-788\" srcset=\"https:\/\/sirca-kodric.si\/wp-content\/uploads\/2021\/10\/SK_trgatev-65-scaled.jpg 1707w, https:\/\/sirca-kodric.si\/wp-content\/uploads\/2021\/10\/SK_trgatev-65-200x300.jpg 200w, https:\/\/sirca-kodric.si\/wp-content\/uploads\/2021\/10\/SK_trgatev-65-768x1152.jpg 768w, https:\/\/sirca-kodric.si\/wp-content\/uploads\/2021\/10\/SK_trgatev-65-1024x1536.jpg 1024w, https:\/\/sirca-kodric.si\/wp-content\/uploads\/2021\/10\/SK_trgatev-65-1366x2048.jpg 1366w, https:\/\/sirca-kodric.si\/wp-content\/uploads\/2021\/10\/SK_trgatev-65-8x12.jpg 8w, https:\/\/sirca-kodric.si\/wp-content\/uploads\/2021\/10\/SK_trgatev-65-2000x3000.jpg 2000w, https:\/\/sirca-kodric.si\/wp-content\/uploads\/2021\/10\/SK_trgatev-65-1800x2700.jpg 1800w\" sizes=\"auto, (max-width: 1707px) 100vw, 1707px\" \/><\/figure>\n<\/figure>\n\n\n\n<h1 class=\"has-text-align-center wp-block-heading\">WINE CELLAR<\/h1>\n\n\n\n<figure class=\"wp-block-gallery has-nested-images columns-default is-cropped wp-block-gallery-3 is-layout-flex wp-block-gallery-is-layout-flex\">\n<figure class=\"wp-block-image size-large\"><img loading=\"lazy\" decoding=\"async\" width=\"1000\" height=\"666\" data-id=\"342\" src=\"http:\/\/sirca-kodric.si\/wp\/wp-content\/uploads\/2021\/08\/Vinarstvo-barrique-sodi-Sirca-Kodric.png.-2.png\" alt=\"Barrique sodi za zorenje rde\u010dih vin. vinarstvo \u0160irca Kodri\u010d\" class=\"wp-image-342\" srcset=\"https:\/\/sirca-kodric.si\/wp-content\/uploads\/2021\/08\/Vinarstvo-barrique-sodi-Sirca-Kodric.png.-2.png 1000w, https:\/\/sirca-kodric.si\/wp-content\/uploads\/2021\/08\/Vinarstvo-barrique-sodi-Sirca-Kodric.png.-2-300x200.png 300w, https:\/\/sirca-kodric.si\/wp-content\/uploads\/2021\/08\/Vinarstvo-barrique-sodi-Sirca-Kodric.png.-2-768x511.png 768w, https:\/\/sirca-kodric.si\/wp-content\/uploads\/2021\/08\/Vinarstvo-barrique-sodi-Sirca-Kodric.png.-2-18x12.png 18w\" sizes=\"auto, (max-width: 1000px) 100vw, 1000px\" \/><\/figure>\n\n\n\n<figure class=\"wp-block-image size-large\"><img loading=\"lazy\" decoding=\"async\" width=\"2560\" height=\"1707\" data-id=\"809\" src=\"http:\/\/sirca-kodric.si\/wp\/wp-content\/uploads\/2021\/10\/Sirca-Kodric-7-scaled.jpg\" alt=\"\" class=\"wp-image-809\" srcset=\"https:\/\/sirca-kodric.si\/wp-content\/uploads\/2021\/10\/Sirca-Kodric-7-scaled.jpg 2560w, https:\/\/sirca-kodric.si\/wp-content\/uploads\/2021\/10\/Sirca-Kodric-7-300x200.jpg 300w, https:\/\/sirca-kodric.si\/wp-content\/uploads\/2021\/10\/Sirca-Kodric-7-768x512.jpg 768w, https:\/\/sirca-kodric.si\/wp-content\/uploads\/2021\/10\/Sirca-Kodric-7-1536x1024.jpg 1536w, https:\/\/sirca-kodric.si\/wp-content\/uploads\/2021\/10\/Sirca-Kodric-7-2048x1366.jpg 2048w, https:\/\/sirca-kodric.si\/wp-content\/uploads\/2021\/10\/Sirca-Kodric-7-18x12.jpg 18w, https:\/\/sirca-kodric.si\/wp-content\/uploads\/2021\/10\/Sirca-Kodric-7-2000x1334.jpg 2000w, https:\/\/sirca-kodric.si\/wp-content\/uploads\/2021\/10\/Sirca-Kodric-7-1800x1200.jpg 1800w\" sizes=\"auto, (max-width: 2560px) 100vw, 2560px\" \/><\/figure>\n\n\n\n<figure class=\"wp-block-image size-large\"><img loading=\"lazy\" decoding=\"async\" width=\"1000\" height=\"666\" data-id=\"341\" src=\"https:\/\/sirca-kodric.si\/wp-content\/uploads\/2021\/08\/Vinarstvo-veliki-hrastovi-sodi-Sirca-Kodric.png..png\" alt=\"Veliki hrastovi sodi za zorenje terana, vinarstvo \u0160irca Kodri\u010d\" class=\"wp-image-341\" srcset=\"https:\/\/sirca-kodric.si\/wp-content\/uploads\/2021\/08\/Vinarstvo-veliki-hrastovi-sodi-Sirca-Kodric.png..png 1000w, https:\/\/sirca-kodric.si\/wp-content\/uploads\/2021\/08\/Vinarstvo-veliki-hrastovi-sodi-Sirca-Kodric.png.-300x200.png 300w, https:\/\/sirca-kodric.si\/wp-content\/uploads\/2021\/08\/Vinarstvo-veliki-hrastovi-sodi-Sirca-Kodric.png.-768x511.png 768w, https:\/\/sirca-kodric.si\/wp-content\/uploads\/2021\/08\/Vinarstvo-veliki-hrastovi-sodi-Sirca-Kodric.png.-18x12.png 18w\" sizes=\"auto, (max-width: 1000px) 100vw, 1000px\" \/><\/figure>\n<\/figure>\n\n\n\n<figure class=\"wp-block-gallery has-nested-images columns-default is-cropped wp-block-gallery-4 is-layout-flex wp-block-gallery-is-layout-flex\">\n<figure class=\"wp-block-image size-large\"><img loading=\"lazy\" decoding=\"async\" width=\"2560\" height=\"1707\" data-id=\"917\" src=\"https:\/\/sirca-kodric.si\/wp-content\/uploads\/2021\/11\/Sirca-Kodric-14-1-scaled.jpg\" alt=\"\" class=\"wp-image-917\" srcset=\"https:\/\/sirca-kodric.si\/wp-content\/uploads\/2021\/11\/Sirca-Kodric-14-1-scaled.jpg 2560w, https:\/\/sirca-kodric.si\/wp-content\/uploads\/2021\/11\/Sirca-Kodric-14-1-300x200.jpg 300w\" sizes=\"auto, (max-width: 2560px) 100vw, 2560px\" \/><\/figure>\n\n\n\n<figure class=\"wp-block-image size-large\"><img loading=\"lazy\" decoding=\"async\" width=\"2560\" height=\"1707\" data-id=\"810\" src=\"https:\/\/sirca-kodric.si\/wp-content\/uploads\/2021\/10\/Sirca-Kodric-13-scaled.jpg\" alt=\"\" class=\"wp-image-810\" srcset=\"https:\/\/sirca-kodric.si\/wp-content\/uploads\/2021\/10\/Sirca-Kodric-13-scaled.jpg 2560w, https:\/\/sirca-kodric.si\/wp-content\/uploads\/2021\/10\/Sirca-Kodric-13-300x200.jpg 300w, https:\/\/sirca-kodric.si\/wp-content\/uploads\/2021\/10\/Sirca-Kodric-13-768x512.jpg 768w, https:\/\/sirca-kodric.si\/wp-content\/uploads\/2021\/10\/Sirca-Kodric-13-1536x1024.jpg 1536w, https:\/\/sirca-kodric.si\/wp-content\/uploads\/2021\/10\/Sirca-Kodric-13-2048x1366.jpg 2048w, https:\/\/sirca-kodric.si\/wp-content\/uploads\/2021\/10\/Sirca-Kodric-13-18x12.jpg 18w, https:\/\/sirca-kodric.si\/wp-content\/uploads\/2021\/10\/Sirca-Kodric-13-2000x1334.jpg 2000w, https:\/\/sirca-kodric.si\/wp-content\/uploads\/2021\/10\/Sirca-Kodric-13-1800x1200.jpg 1800w\" sizes=\"auto, (max-width: 2560px) 100vw, 2560px\" \/><\/figure>\n\n\n\n<figure class=\"wp-block-image size-large\"><img loading=\"lazy\" decoding=\"async\" width=\"2560\" height=\"1707\" data-id=\"540\" src=\"http:\/\/sirca-kodric.si\/wp\/wp-content\/uploads\/2021\/09\/Sirca-Kodric-19-min-scaled.jpg\" alt=\"\" class=\"wp-image-540\" srcset=\"https:\/\/sirca-kodric.si\/wp-content\/uploads\/2021\/09\/Sirca-Kodric-19-min-scaled.jpg 2560w, https:\/\/sirca-kodric.si\/wp-content\/uploads\/2021\/09\/Sirca-Kodric-19-min-300x200.jpg 300w, https:\/\/sirca-kodric.si\/wp-content\/uploads\/2021\/09\/Sirca-Kodric-19-min-768x512.jpg 768w, https:\/\/sirca-kodric.si\/wp-content\/uploads\/2021\/09\/Sirca-Kodric-19-min-1536x1024.jpg 1536w, https:\/\/sirca-kodric.si\/wp-content\/uploads\/2021\/09\/Sirca-Kodric-19-min-2048x1366.jpg 2048w, https:\/\/sirca-kodric.si\/wp-content\/uploads\/2021\/09\/Sirca-Kodric-19-min-18x12.jpg 18w, https:\/\/sirca-kodric.si\/wp-content\/uploads\/2021\/09\/Sirca-Kodric-19-min-2000x1334.jpg 2000w, https:\/\/sirca-kodric.si\/wp-content\/uploads\/2021\/09\/Sirca-Kodric-19-min-1800x1200.jpg 1800w\" sizes=\"auto, (max-width: 2560px) 100vw, 2560px\" \/><\/figure>\n<\/figure>\n\n\n\n<figure class=\"wp-block-gallery has-nested-images columns-2 is-cropped wp-block-gallery-5 is-layout-flex wp-block-gallery-is-layout-flex\">\n<figure class=\"wp-block-image size-large\"><img loading=\"lazy\" decoding=\"async\" width=\"1000\" height=\"666\" data-id=\"340\" src=\"http:\/\/sirca-kodric.si\/wp\/wp-content\/uploads\/2021\/08\/Vinarstvo-arhivska-vina-Sirca-Kodric.png..png\" alt=\"Arhivska vina vinarstva \u0160irca Kodri\u010d\" class=\"wp-image-340\" srcset=\"https:\/\/sirca-kodric.si\/wp-content\/uploads\/2021\/08\/Vinarstvo-arhivska-vina-Sirca-Kodric.png..png 1000w, https:\/\/sirca-kodric.si\/wp-content\/uploads\/2021\/08\/Vinarstvo-arhivska-vina-Sirca-Kodric.png.-300x200.png 300w, https:\/\/sirca-kodric.si\/wp-content\/uploads\/2021\/08\/Vinarstvo-arhivska-vina-Sirca-Kodric.png.-768x511.png 768w, https:\/\/sirca-kodric.si\/wp-content\/uploads\/2021\/08\/Vinarstvo-arhivska-vina-Sirca-Kodric.png.-18x12.png 18w\" sizes=\"auto, (max-width: 1000px) 100vw, 1000px\" \/><\/figure>\n\n\n\n<figure class=\"wp-block-image size-large\"><img loading=\"lazy\" decoding=\"async\" width=\"1000\" height=\"666\" data-id=\"335\" src=\"http:\/\/sirca-kodric.si\/wp\/wp-content\/uploads\/2021\/08\/Vinarstvo-domaci-kraski-narezek-Sirca-Kodric.png..png\" alt=\"Doma\u010di kra\u0161ki narezek, vinarstvo \u0160irca Kodri\u010d\" class=\"wp-image-335\" srcset=\"https:\/\/sirca-kodric.si\/wp-content\/uploads\/2021\/08\/Vinarstvo-domaci-kraski-narezek-Sirca-Kodric.png..png 1000w, https:\/\/sirca-kodric.si\/wp-content\/uploads\/2021\/08\/Vinarstvo-domaci-kraski-narezek-Sirca-Kodric.png.-300x200.png 300w, https:\/\/sirca-kodric.si\/wp-content\/uploads\/2021\/08\/Vinarstvo-domaci-kraski-narezek-Sirca-Kodric.png.-768x511.png 768w, https:\/\/sirca-kodric.si\/wp-content\/uploads\/2021\/08\/Vinarstvo-domaci-kraski-narezek-Sirca-Kodric.png.-18x12.png 18w\" sizes=\"auto, (max-width: 1000px) 100vw, 1000px\" \/><\/figure>\n<\/figure>\n<\/div><\/div>","protected":false},"excerpt":{"rendered":"<p>DRU\u017dINA \u0160IRCA- KODRI\u010c TRGATEV 2021 KLET<\/p>","protected":false},"author":1,"featured_media":0,"parent":0,"menu_order":0,"comment_status":"closed","ping_status":"closed","template":"page-templates\/full-width-no-title.php","meta":{"footnotes":""},"class_list":["post-536","page","type-page","status-publish","hentry"],"_links":{"self":[{"href":"http:\/\/sirca-kodric.si\/en\/wp-json\/wp\/v2\/pages\/536","targetHints":{"allow":["GET"]}}],"collection":[{"href":"http:\/\/sirca-kodric.si\/en\/wp-json\/wp\/v2\/pages"}],"about":[{"href":"http:\/\/sirca-kodric.si\/en\/wp-json\/wp\/v2\/types\/page"}],"author":[{"embeddable":true,"href":"http:\/\/sirca-kodric.si\/en\/wp-json\/wp\/v2\/users\/1"}],"replies":[{"embeddable":true,"href":"http:\/\/sirca-kodric.si\/en\/wp-json\/wp\/v2\/comments?post=536"}],"version-history":[{"count":32,"href":"http:\/\/sirca-kodric.si\/en\/wp-json\/wp\/v2\/pages\/536\/revisions"}],"predecessor-version":[{"id":940,"href":"http:\/\/sirca-kodric.si\/en\/wp-json\/wp\/v2\/pages\/536\/revisions\/940"}],"wp:attachment":[{"href":"http:\/\/sirca-kodric.si\/en\/wp-json\/wp\/v2\/media?parent=536"}],"curies":[{"name":"wp","href":"https:\/\/api.w.org\/{rel}","templated":true}]}}